{"id":1882,"date":"2017-08-24T13:42:27","date_gmt":"2017-08-24T13:42:27","guid":{"rendered":"https:\/\/casaruralamaya.com\/hiking\/"},"modified":"2025-02-05T09:42:32","modified_gmt":"2025-02-05T09:42:32","slug":"hiking","status":"publish","type":"page","link":"https:\/\/casaruralamaya.com\/en\/what-to-see-and-do-in-amaya\/hiking\/","title":{"rendered":"Hiking"},"content":{"rendered":"<p style=\"text-align: center;\">The landscape of Las Loras is ideal for hiking activities. Below you will find information about signposted routes that are developed in the area of Pe\u00f1a Amaya: <\/p>\n<h1 style=\"text-align: center;\">Pe\u00f1a Amaya Trail<\/h1>\n<p><a href=\"https:\/\/casaruralamaya.com\/wp-content\/uploads\/2017\/08\/SenderoPe%C3%B1aAmaya.pdf\"><img fetchpriority=\"high\" decoding=\"async\" class=\"aligncenter wp-image-353\" src=\"https:\/\/casaruralamaya.com\/wp-content\/uploads\/2017\/08\/0001-560x1024.jpg\" alt=\"\" width=\"500\" height=\"914\" srcset=\"https:\/\/casaruralamaya.com\/wp-content\/uploads\/2017\/08\/0001-560x1024.jpg 560w, https:\/\/casaruralamaya.com\/wp-content\/uploads\/2017\/08\/0001-164x300.jpg 164w, https:\/\/casaruralamaya.com\/wp-content\/uploads\/2017\/08\/0001-768x1404.jpg 768w, https:\/\/casaruralamaya.com\/wp-content\/uploads\/2017\/08\/0001.jpg 1050w\" sizes=\"(max-width: 500px) 100vw, 500px\" \/><\/a><\/p>\n<p style=\"text-align: center;\">Route of medium difficulty in which starting from the town of Amaya we ascend to the geodesic vertex of Pe\u00f1a Amaya crossing the trench, the pre-Roman castro and the castle to later descend again to the town.<\/p>\n<p style=\"text-align: center;\"><a href=\"https:\/\/casaruralamaya.com\/wp-content\/uploads\/2017\/08\/SenderoPe%C3%B1aAmaya.pdf\">Information about the Pe\u00f1a Amaya Trail<\/a><\/p>\n<h1 style=\"text-align: center;\">Amaya Bridges Trail<\/h1>\n<p style=\"text-align: center;\"><a href=\"https:\/\/casaruralamaya.com\/wp-content\/uploads\/2017\/08\/SenderoPuentesDeAmaya.pdf\"><img decoding=\"async\" class=\"aligncenter wp-image-354\" src=\"https:\/\/casaruralamaya.com\/wp-content\/uploads\/2017\/08\/00011-560x1024.jpg\" alt=\"\" width=\"500\" height=\"914\" srcset=\"https:\/\/casaruralamaya.com\/wp-content\/uploads\/2017\/08\/00011-560x1024.jpg 560w, https:\/\/casaruralamaya.com\/wp-content\/uploads\/2017\/08\/00011-164x300.jpg 164w, https:\/\/casaruralamaya.com\/wp-content\/uploads\/2017\/08\/00011-768x1404.jpg 768w, https:\/\/casaruralamaya.com\/wp-content\/uploads\/2017\/08\/00011.jpg 1050w\" sizes=\"(max-width: 500px) 100vw, 500px\" \/><\/a><\/p>\n<p style=\"text-align: center;\">Low difficulty route starting in the town of Amaya. The route leads from this town to Puentes de Amaya, abandoned in 1970, along a path that runs through the hills of Pe\u00f1a Amaya and then returns to Amaya by the main road up the mountain. <\/p>\n<p style=\"text-align: center;\"><a href=\"https:\/\/casaruralamaya.com\/wp-content\/uploads\/2017\/08\/SenderoPuentesDeAmaya.pdf\">Information about the Amaya Bridges Trail<\/a><\/p>\n<p style=\"text-align: center;\">\n\n<div class=\"wp-block-buttons is-layout-flex wp-block-buttons-is-layout-flex\">\n<div class=\"wp-block-button\"><a class=\"wp-block-button__link wp-element-button\" href=\"https:\/\/es.wikiloc.com\/rutas\/senderismo\/espana\/castilla-y-leon\/amaya\" target=\"_blank\" rel=\"noreferrer noopener\">Download Hiking Routes<\/a><\/div>\n<\/div>\n","protected":false},"excerpt":{"rendered":"<p>The landscape of Las Loras is ideal for hiking activities. Below you will find information about signposted routes that are developed in the area of Pe\u00f1a Amaya: Pe\u00f1a Amaya Trail Route of medium difficulty in which starting from the town of Amaya we ascend to the geodesic vertex of Pe\u00f1a Amaya crossing the trench, the [&hellip;]<\/p>\n","protected":false},"author":1,"featured_media":2763,"parent":1884,"menu_order":0,"comment_status":"closed","ping_status":"closed","template":"","meta":{"footnotes":""},"class_list":["post-1882","page","type-page","status-publish","has-post-thumbnail","hentry"],"yoast_head":"<!-- This site is optimized with the Yoast SEO plugin v27.4 - https:\/\/yoast.com\/product\/yoast-seo-wordpress\/ -->\n<title>Hiking - Casa Rural El Hidalgo | Casa rural en Amaya (Burgos)<\/title>\n<meta name=\"description\" content=\"Pe\u00f1a Amaya in the Geopark Las Loras where you can enjoy the hiking activity. Suitable for all audiences.\" \/>\n<meta name=\"robots\" content=\"index, follow, max-snippet:-1, max-image-preview:large, max-video-preview:-1\" \/>\n<link rel=\"canonical\" href=\"https:\/\/casaruralamaya.com\/en\/what-to-see-and-do-in-amaya\/hiking\/\" \/>\n<meta property=\"og:locale\" content=\"en_US\" \/>\n<meta property=\"og:type\" content=\"article\" \/>\n<meta property=\"og:title\" content=\"Hiking - Casa Rural El Hidalgo | Casa rural en Amaya (Burgos)\" \/>\n<meta property=\"og:description\" content=\"Pe\u00f1a Amaya in the Geopark Las Loras where you can enjoy the hiking activity. Suitable for all audiences.\" \/>\n<meta property=\"og:url\" content=\"https:\/\/casaruralamaya.com\/en\/what-to-see-and-do-in-amaya\/hiking\/\" \/>\n<meta property=\"og:site_name\" content=\"Casa Rural El Hidalgo | Casa rural en Amaya (Burgos)\" \/>\n<meta property=\"article:modified_time\" content=\"2025-02-05T09:42:32+00:00\" \/>\n<meta property=\"og:image\" content=\"https:\/\/casaruralamaya.com\/wp-content\/uploads\/2017\/08\/0001.jpg\" \/>\n\t<meta property=\"og:image:width\" content=\"1050\" \/>\n\t<meta property=\"og:image:height\" content=\"1920\" \/>\n\t<meta property=\"og:image:type\" content=\"image\/jpeg\" \/>\n<meta name=\"twitter:card\" content=\"summary_large_image\" \/>\n<meta name=\"twitter:label1\" content=\"Est. reading time\" \/>\n\t<meta name=\"twitter:data1\" content=\"1 minute\" \/>\n<script type=\"application\/ld+json\" class=\"yoast-schema-graph\">{\"@context\":\"https:\\\/\\\/schema.org\",\"@graph\":[{\"@type\":\"WebPage\",\"@id\":\"https:\\\/\\\/casaruralamaya.com\\\/en\\\/what-to-see-and-do-in-amaya\\\/hiking\\\/\",\"url\":\"https:\\\/\\\/casaruralamaya.com\\\/en\\\/what-to-see-and-do-in-amaya\\\/hiking\\\/\",\"name\":\"Hiking - Casa Rural El Hidalgo | Casa rural en Amaya (Burgos)\",\"isPartOf\":{\"@id\":\"https:\\\/\\\/casaruralamaya.com\\\/en\\\/#website\"},\"primaryImageOfPage\":{\"@id\":\"https:\\\/\\\/casaruralamaya.com\\\/en\\\/what-to-see-and-do-in-amaya\\\/hiking\\\/#primaryimage\"},\"image\":{\"@id\":\"https:\\\/\\\/casaruralamaya.com\\\/en\\\/what-to-see-and-do-in-amaya\\\/hiking\\\/#primaryimage\"},\"thumbnailUrl\":\"https:\\\/\\\/casaruralamaya.com\\\/wp-content\\\/uploads\\\/senderismo-amaya-lasloras.jpg\",\"datePublished\":\"2017-08-24T13:42:27+00:00\",\"dateModified\":\"2025-02-05T09:42:32+00:00\",\"description\":\"Pe\u00f1a Amaya in the Geopark Las Loras where you can enjoy the hiking activity. Suitable for all audiences.\",\"breadcrumb\":{\"@id\":\"https:\\\/\\\/casaruralamaya.com\\\/en\\\/what-to-see-and-do-in-amaya\\\/hiking\\\/#breadcrumb\"},\"inLanguage\":\"en-US\",\"potentialAction\":[{\"@type\":\"ReadAction\",\"target\":[\"https:\\\/\\\/casaruralamaya.com\\\/en\\\/what-to-see-and-do-in-amaya\\\/hiking\\\/\"]}]},{\"@type\":\"ImageObject\",\"inLanguage\":\"en-US\",\"@id\":\"https:\\\/\\\/casaruralamaya.com\\\/en\\\/what-to-see-and-do-in-amaya\\\/hiking\\\/#primaryimage\",\"url\":\"https:\\\/\\\/casaruralamaya.com\\\/wp-content\\\/uploads\\\/senderismo-amaya-lasloras.jpg\",\"contentUrl\":\"https:\\\/\\\/casaruralamaya.com\\\/wp-content\\\/uploads\\\/senderismo-amaya-lasloras.jpg\",\"width\":1920,\"height\":1920,\"caption\":\"Paisaje de senderismo en Amaya y Pe\u00f1a Amaya, Geoparque Las Loras\"},{\"@type\":\"BreadcrumbList\",\"@id\":\"https:\\\/\\\/casaruralamaya.com\\\/en\\\/what-to-see-and-do-in-amaya\\\/hiking\\\/#breadcrumb\",\"itemListElement\":[{\"@type\":\"ListItem\",\"position\":1,\"name\":\"Portada\",\"item\":\"https:\\\/\\\/casaruralamaya.com\\\/en\\\/home\\\/\"},{\"@type\":\"ListItem\",\"position\":2,\"name\":\"Hiking\"}]},{\"@type\":\"WebSite\",\"@id\":\"https:\\\/\\\/casaruralamaya.com\\\/en\\\/#website\",\"url\":\"https:\\\/\\\/casaruralamaya.com\\\/en\\\/\",\"name\":\"Casas Rurales en Amaya (Burgos)\",\"description\":\"Alojamiento rural completo en Amaya, Burgos, junto a Pe\u00f1a Amaya y el Geoparque Las Loras.\",\"publisher\":{\"@id\":\"https:\\\/\\\/casaruralamaya.com\\\/en\\\/#\\\/schema\\\/person\\\/d25929be0bfd8b1cc0e25cc62c7cad04\"},\"potentialAction\":[{\"@type\":\"SearchAction\",\"target\":{\"@type\":\"EntryPoint\",\"urlTemplate\":\"https:\\\/\\\/casaruralamaya.com\\\/en\\\/?s={search_term_string}\"},\"query-input\":{\"@type\":\"PropertyValueSpecification\",\"valueRequired\":true,\"valueName\":\"search_term_string\"}}],\"inLanguage\":\"en-US\"},{\"@type\":[\"Person\",\"Organization\"],\"@id\":\"https:\\\/\\\/casaruralamaya.com\\\/en\\\/#\\\/schema\\\/person\\\/d25929be0bfd8b1cc0e25cc62c7cad04\",\"name\":\"Alvaro Varas Abril\",\"image\":{\"@type\":\"ImageObject\",\"inLanguage\":\"en-US\",\"@id\":\"https:\\\/\\\/casaruralamaya.com\\\/wp-content\\\/uploads\\\/logo-casa-rural-hidalgo.png\",\"url\":\"https:\\\/\\\/casaruralamaya.com\\\/wp-content\\\/uploads\\\/logo-casa-rural-hidalgo.png\",\"contentUrl\":\"https:\\\/\\\/casaruralamaya.com\\\/wp-content\\\/uploads\\\/logo-casa-rural-hidalgo.png\",\"width\":835,\"height\":653,\"caption\":\"Alvaro Varas Abril\"},\"logo\":{\"@id\":\"https:\\\/\\\/casaruralamaya.com\\\/wp-content\\\/uploads\\\/logo-casa-rural-hidalgo.png\"}}]}<\/script>\n<!-- \/ Yoast SEO plugin. -->","yoast_head_json":{"title":"Hiking - Casa Rural El Hidalgo | Casa rural en Amaya (Burgos)","description":"Pe\u00f1a Amaya in the Geopark Las Loras where you can enjoy the hiking activity. Suitable for all audiences.","robots":{"index":"index","follow":"follow","max-snippet":"max-snippet:-1","max-image-preview":"max-image-preview:large","max-video-preview":"max-video-preview:-1"},"canonical":"https:\/\/casaruralamaya.com\/en\/what-to-see-and-do-in-amaya\/hiking\/","og_locale":"en_US","og_type":"article","og_title":"Hiking - Casa Rural El Hidalgo | Casa rural en Amaya (Burgos)","og_description":"Pe\u00f1a Amaya in the Geopark Las Loras where you can enjoy the hiking activity. Suitable for all audiences.","og_url":"https:\/\/casaruralamaya.com\/en\/what-to-see-and-do-in-amaya\/hiking\/","og_site_name":"Casa Rural El Hidalgo | Casa rural en Amaya (Burgos)","article_modified_time":"2025-02-05T09:42:32+00:00","og_image":[{"width":1050,"height":1920,"url":"https:\/\/casaruralamaya.com\/wp-content\/uploads\/2017\/08\/0001.jpg","type":"image\/jpeg"}],"twitter_card":"summary_large_image","twitter_misc":{"Est. reading time":"1 minute"},"schema":{"@context":"https:\/\/schema.org","@graph":[{"@type":"WebPage","@id":"https:\/\/casaruralamaya.com\/en\/what-to-see-and-do-in-amaya\/hiking\/","url":"https:\/\/casaruralamaya.com\/en\/what-to-see-and-do-in-amaya\/hiking\/","name":"Hiking - Casa Rural El Hidalgo | Casa rural en Amaya (Burgos)","isPartOf":{"@id":"https:\/\/casaruralamaya.com\/en\/#website"},"primaryImageOfPage":{"@id":"https:\/\/casaruralamaya.com\/en\/what-to-see-and-do-in-amaya\/hiking\/#primaryimage"},"image":{"@id":"https:\/\/casaruralamaya.com\/en\/what-to-see-and-do-in-amaya\/hiking\/#primaryimage"},"thumbnailUrl":"https:\/\/casaruralamaya.com\/wp-content\/uploads\/senderismo-amaya-lasloras.jpg","datePublished":"2017-08-24T13:42:27+00:00","dateModified":"2025-02-05T09:42:32+00:00","description":"Pe\u00f1a Amaya in the Geopark Las Loras where you can enjoy the hiking activity. Suitable for all audiences.","breadcrumb":{"@id":"https:\/\/casaruralamaya.com\/en\/what-to-see-and-do-in-amaya\/hiking\/#breadcrumb"},"inLanguage":"en-US","potentialAction":[{"@type":"ReadAction","target":["https:\/\/casaruralamaya.com\/en\/what-to-see-and-do-in-amaya\/hiking\/"]}]},{"@type":"ImageObject","inLanguage":"en-US","@id":"https:\/\/casaruralamaya.com\/en\/what-to-see-and-do-in-amaya\/hiking\/#primaryimage","url":"https:\/\/casaruralamaya.com\/wp-content\/uploads\/senderismo-amaya-lasloras.jpg","contentUrl":"https:\/\/casaruralamaya.com\/wp-content\/uploads\/senderismo-amaya-lasloras.jpg","width":1920,"height":1920,"caption":"Paisaje de senderismo en Amaya y Pe\u00f1a Amaya, Geoparque Las Loras"},{"@type":"BreadcrumbList","@id":"https:\/\/casaruralamaya.com\/en\/what-to-see-and-do-in-amaya\/hiking\/#breadcrumb","itemListElement":[{"@type":"ListItem","position":1,"name":"Portada","item":"https:\/\/casaruralamaya.com\/en\/home\/"},{"@type":"ListItem","position":2,"name":"Hiking"}]},{"@type":"WebSite","@id":"https:\/\/casaruralamaya.com\/en\/#website","url":"https:\/\/casaruralamaya.com\/en\/","name":"Casas Rurales en Amaya (Burgos)","description":"Alojamiento rural completo en Amaya, Burgos, junto a Pe\u00f1a Amaya y el Geoparque Las Loras.","publisher":{"@id":"https:\/\/casaruralamaya.com\/en\/#\/schema\/person\/d25929be0bfd8b1cc0e25cc62c7cad04"},"potentialAction":[{"@type":"SearchAction","target":{"@type":"EntryPoint","urlTemplate":"https:\/\/casaruralamaya.com\/en\/?s={search_term_string}"},"query-input":{"@type":"PropertyValueSpecification","valueRequired":true,"valueName":"search_term_string"}}],"inLanguage":"en-US"},{"@type":["Person","Organization"],"@id":"https:\/\/casaruralamaya.com\/en\/#\/schema\/person\/d25929be0bfd8b1cc0e25cc62c7cad04","name":"Alvaro Varas Abril","image":{"@type":"ImageObject","inLanguage":"en-US","@id":"https:\/\/casaruralamaya.com\/wp-content\/uploads\/logo-casa-rural-hidalgo.png","url":"https:\/\/casaruralamaya.com\/wp-content\/uploads\/logo-casa-rural-hidalgo.png","contentUrl":"https:\/\/casaruralamaya.com\/wp-content\/uploads\/logo-casa-rural-hidalgo.png","width":835,"height":653,"caption":"Alvaro Varas Abril"},"logo":{"@id":"https:\/\/casaruralamaya.com\/wp-content\/uploads\/logo-casa-rural-hidalgo.png"}}]}},"_links":{"self":[{"href":"https:\/\/casaruralamaya.com\/en\/wp-json\/wp\/v2\/pages\/1882","targetHints":{"allow":["GET"]}}],"collection":[{"href":"https:\/\/casaruralamaya.com\/en\/wp-json\/wp\/v2\/pages"}],"about":[{"href":"https:\/\/casaruralamaya.com\/en\/wp-json\/wp\/v2\/types\/page"}],"author":[{"embeddable":true,"href":"https:\/\/casaruralamaya.com\/en\/wp-json\/wp\/v2\/users\/1"}],"replies":[{"embeddable":true,"href":"https:\/\/casaruralamaya.com\/en\/wp-json\/wp\/v2\/comments?post=1882"}],"version-history":[{"count":1,"href":"https:\/\/casaruralamaya.com\/en\/wp-json\/wp\/v2\/pages\/1882\/revisions"}],"predecessor-version":[{"id":1883,"href":"https:\/\/casaruralamaya.com\/en\/wp-json\/wp\/v2\/pages\/1882\/revisions\/1883"}],"up":[{"embeddable":true,"href":"https:\/\/casaruralamaya.com\/en\/wp-json\/wp\/v2\/pages\/1884"}],"wp:featuredmedia":[{"embeddable":true,"href":"https:\/\/casaruralamaya.com\/en\/wp-json\/wp\/v2\/media\/2763"}],"wp:attachment":[{"href":"https:\/\/casaruralamaya.com\/en\/wp-json\/wp\/v2\/media?parent=1882"}],"curies":[{"name":"wp","href":"https:\/\/api.w.org\/{rel}","templated":true}]}}