{"id":1872,"date":"2018-10-20T18:25:22","date_gmt":"2018-10-20T18:25:22","guid":{"rendered":"https:\/\/casaruralamaya.com\/legal-notice\/"},"modified":"2018-10-20T18:25:22","modified_gmt":"2018-10-20T18:25:22","slug":"legal-notice","status":"publish","type":"page","link":"https:\/\/casaruralamaya.com\/en\/legal-notice\/","title":{"rendered":"Legal Notice"},"content":{"rendered":"<p>Jes\u00fas Carlos Preciado Renedo, with CIF\/NIF no: 13148274W and address at: C\/ San Juan,42, 09136 &#8211; Amaya (Burgos), cannot assume any responsibility derived from the incorrect, inappropriate or illicit use of the information appearing on the web pages of: https:\/\/casaruralamaya.com\/<\/p>\n<p>Within the limits established by law, Jes\u00fas Carlos Preciado Renedo assumes no liability for the lack of truthfulness, completeness, updating and accuracy of the data or information contained in its web pages. The contents and information do not bind Jes\u00fas Carlos Preciado Renedo nor do they constitute opinions, advice or legal advice of any kind, as they are merely a service offered for informative and informative purposes. The Internet pages of Jes\u00fas Carlos Preciado Renedo may contain links to other pages of third parties that Jes\u00fas Carlos Preciado Renedo cannot control. Therefore, Jes\u00fas Carlos Preciado Renedo cannot assume responsibility for the content that may appear on third party sites. The texts, images, sounds, animations, software and the rest of the contents included in this website are the exclusive property of Jes\u00fas Carlos Preciado Renedo or its licensors. Any act of transmission, distribution, transfer, reproduction, storage or total or partial public communication must have the express consent of Jes\u00fas Carlos Preciado Renedo.     <\/p>\n<p>Also, to access some of the services that Jes\u00fas Carlos Preciado Renedo offers through the website, you must provide some personal data. In compliance with the provisions of Regulation (EU) 2016\/679 of the European Parliament and of the Council of 27 April 2016 on the protection of individuals with regard to the processing of personal data and on the free movement of such data, we inform you that, by completing these forms, your personal data will be incorporated and processed in the files of Jes\u00fas Carlos Preciado Renedo in order to be able to provide and offer you our services as well as to inform you of improvements to the website. We also inform you that you will have the possibility at any time to exercise your rights of access, rectification, cancellation, opposition, limitation and portability of your personal data, free of charge by email to: <a href=\"mailto:azucenasang@gmail.com\">azucenasang@gmail.com<\/a> or at the address: C\/ San Juan,42, 09136 &#8211; Amaya (Burgos).  <\/p>\n","protected":false},"excerpt":{"rendered":"<p>Jes\u00fas Carlos Preciado Renedo, with CIF\/NIF no: 13148274W and address at: C\/ San Juan,42, 09136 &#8211; Amaya (Burgos), cannot assume any responsibility derived from the incorrect, inappropriate or illicit use of the information appearing on the web pages of: https:\/\/casaruralamaya.com\/ Within the limits established by law, Jes\u00fas Carlos Preciado Renedo assumes no liability for the [&hellip;]<\/p>\n","protected":false},"author":1,"featured_media":0,"parent":0,"menu_order":0,"comment_status":"closed","ping_status":"closed","template":"template-fullwidth.php","meta":{"footnotes":""},"class_list":["post-1872","page","type-page","status-publish","hentry"],"yoast_head":"<!-- This site is optimized with the Yoast SEO plugin v27.5 - https:\/\/yoast.com\/product\/yoast-seo-wordpress\/ -->\n<title>Legal Notice - Casa Rural El Hidalgo | Casa rural en Amaya (Burgos)<\/title>\n<meta name=\"robots\" content=\"index, follow, max-snippet:-1, max-image-preview:large, max-video-preview:-1\" \/>\n<link rel=\"canonical\" href=\"https:\/\/casaruralamaya.com\/en\/legal-notice\/\" \/>\n<meta property=\"og:locale\" content=\"en_US\" \/>\n<meta property=\"og:type\" content=\"article\" \/>\n<meta property=\"og:title\" content=\"Legal Notice - Casa Rural El Hidalgo | Casa rural en Amaya (Burgos)\" \/>\n<meta property=\"og:description\" content=\"Jes\u00fas Carlos Preciado Renedo, with CIF\/NIF no: 13148274W and address at: C\/ San Juan,42, 09136 &#8211; Amaya (Burgos), cannot assume any responsibility derived from the incorrect, inappropriate or illicit use of the information appearing on the web pages of: https:\/\/casaruralamaya.com\/ Within the limits established by law, Jes\u00fas Carlos Preciado Renedo assumes no liability for the [&hellip;]\" \/>\n<meta property=\"og:url\" content=\"https:\/\/casaruralamaya.com\/en\/legal-notice\/\" \/>\n<meta property=\"og:site_name\" content=\"Casa Rural El Hidalgo | Casa rural en Amaya (Burgos)\" \/>\n<meta name=\"twitter:card\" content=\"summary_large_image\" \/>\n<meta name=\"twitter:label1\" content=\"Est. reading time\" \/>\n\t<meta name=\"twitter:data1\" content=\"2 minutes\" \/>\n<script type=\"application\/ld+json\" class=\"yoast-schema-graph\">{\"@context\":\"https:\\\/\\\/schema.org\",\"@graph\":[{\"@type\":\"WebPage\",\"@id\":\"https:\\\/\\\/casaruralamaya.com\\\/en\\\/legal-notice\\\/\",\"url\":\"https:\\\/\\\/casaruralamaya.com\\\/en\\\/legal-notice\\\/\",\"name\":\"Legal Notice - Casa Rural El Hidalgo | Casa rural en Amaya (Burgos)\",\"isPartOf\":{\"@id\":\"https:\\\/\\\/casaruralamaya.com\\\/en\\\/#website\"},\"datePublished\":\"2018-10-20T18:25:22+00:00\",\"breadcrumb\":{\"@id\":\"https:\\\/\\\/casaruralamaya.com\\\/en\\\/legal-notice\\\/#breadcrumb\"},\"inLanguage\":\"en-US\",\"potentialAction\":[{\"@type\":\"ReadAction\",\"target\":[\"https:\\\/\\\/casaruralamaya.com\\\/en\\\/legal-notice\\\/\"]}]},{\"@type\":\"BreadcrumbList\",\"@id\":\"https:\\\/\\\/casaruralamaya.com\\\/en\\\/legal-notice\\\/#breadcrumb\",\"itemListElement\":[{\"@type\":\"ListItem\",\"position\":1,\"name\":\"Portada\",\"item\":\"https:\\\/\\\/casaruralamaya.com\\\/en\\\/home\\\/\"},{\"@type\":\"ListItem\",\"position\":2,\"name\":\"Legal Notice\"}]},{\"@type\":\"WebSite\",\"@id\":\"https:\\\/\\\/casaruralamaya.com\\\/en\\\/#website\",\"url\":\"https:\\\/\\\/casaruralamaya.com\\\/en\\\/\",\"name\":\"Casas Rurales en Amaya (Burgos)\",\"description\":\"Alojamiento rural completo en Amaya, Burgos, junto a Pe\u00f1a Amaya y el Geoparque Las Loras.\",\"publisher\":{\"@id\":\"https:\\\/\\\/casaruralamaya.com\\\/en\\\/#\\\/schema\\\/person\\\/d25929be0bfd8b1cc0e25cc62c7cad04\"},\"potentialAction\":[{\"@type\":\"SearchAction\",\"target\":{\"@type\":\"EntryPoint\",\"urlTemplate\":\"https:\\\/\\\/casaruralamaya.com\\\/en\\\/?s={search_term_string}\"},\"query-input\":{\"@type\":\"PropertyValueSpecification\",\"valueRequired\":true,\"valueName\":\"search_term_string\"}}],\"inLanguage\":\"en-US\"},{\"@type\":[\"Person\",\"Organization\"],\"@id\":\"https:\\\/\\\/casaruralamaya.com\\\/en\\\/#\\\/schema\\\/person\\\/d25929be0bfd8b1cc0e25cc62c7cad04\",\"name\":\"Alvaro Varas Abril\",\"image\":{\"@type\":\"ImageObject\",\"inLanguage\":\"en-US\",\"@id\":\"https:\\\/\\\/casaruralamaya.com\\\/wp-content\\\/uploads\\\/logo-casa-rural-hidalgo.png\",\"url\":\"https:\\\/\\\/casaruralamaya.com\\\/wp-content\\\/uploads\\\/logo-casa-rural-hidalgo.png\",\"contentUrl\":\"https:\\\/\\\/casaruralamaya.com\\\/wp-content\\\/uploads\\\/logo-casa-rural-hidalgo.png\",\"width\":835,\"height\":653,\"caption\":\"Alvaro Varas Abril\"},\"logo\":{\"@id\":\"https:\\\/\\\/casaruralamaya.com\\\/wp-content\\\/uploads\\\/logo-casa-rural-hidalgo.png\"}}]}<\/script>\n<!-- \/ Yoast SEO plugin. -->","yoast_head_json":{"title":"Legal Notice - Casa Rural El Hidalgo | Casa rural en Amaya (Burgos)","robots":{"index":"index","follow":"follow","max-snippet":"max-snippet:-1","max-image-preview":"max-image-preview:large","max-video-preview":"max-video-preview:-1"},"canonical":"https:\/\/casaruralamaya.com\/en\/legal-notice\/","og_locale":"en_US","og_type":"article","og_title":"Legal Notice - Casa Rural El Hidalgo | Casa rural en Amaya (Burgos)","og_description":"Jes\u00fas Carlos Preciado Renedo, with CIF\/NIF no: 13148274W and address at: C\/ San Juan,42, 09136 &#8211; Amaya (Burgos), cannot assume any responsibility derived from the incorrect, inappropriate or illicit use of the information appearing on the web pages of: https:\/\/casaruralamaya.com\/ Within the limits established by law, Jes\u00fas Carlos Preciado Renedo assumes no liability for the [&hellip;]","og_url":"https:\/\/casaruralamaya.com\/en\/legal-notice\/","og_site_name":"Casa Rural El Hidalgo | Casa rural en Amaya (Burgos)","twitter_card":"summary_large_image","twitter_misc":{"Est. reading time":"2 minutes"},"schema":{"@context":"https:\/\/schema.org","@graph":[{"@type":"WebPage","@id":"https:\/\/casaruralamaya.com\/en\/legal-notice\/","url":"https:\/\/casaruralamaya.com\/en\/legal-notice\/","name":"Legal Notice - Casa Rural El Hidalgo | Casa rural en Amaya (Burgos)","isPartOf":{"@id":"https:\/\/casaruralamaya.com\/en\/#website"},"datePublished":"2018-10-20T18:25:22+00:00","breadcrumb":{"@id":"https:\/\/casaruralamaya.com\/en\/legal-notice\/#breadcrumb"},"inLanguage":"en-US","potentialAction":[{"@type":"ReadAction","target":["https:\/\/casaruralamaya.com\/en\/legal-notice\/"]}]},{"@type":"BreadcrumbList","@id":"https:\/\/casaruralamaya.com\/en\/legal-notice\/#breadcrumb","itemListElement":[{"@type":"ListItem","position":1,"name":"Portada","item":"https:\/\/casaruralamaya.com\/en\/home\/"},{"@type":"ListItem","position":2,"name":"Legal Notice"}]},{"@type":"WebSite","@id":"https:\/\/casaruralamaya.com\/en\/#website","url":"https:\/\/casaruralamaya.com\/en\/","name":"Casas Rurales en Amaya (Burgos)","description":"Alojamiento rural completo en Amaya, Burgos, junto a Pe\u00f1a Amaya y el Geoparque Las Loras.","publisher":{"@id":"https:\/\/casaruralamaya.com\/en\/#\/schema\/person\/d25929be0bfd8b1cc0e25cc62c7cad04"},"potentialAction":[{"@type":"SearchAction","target":{"@type":"EntryPoint","urlTemplate":"https:\/\/casaruralamaya.com\/en\/?s={search_term_string}"},"query-input":{"@type":"PropertyValueSpecification","valueRequired":true,"valueName":"search_term_string"}}],"inLanguage":"en-US"},{"@type":["Person","Organization"],"@id":"https:\/\/casaruralamaya.com\/en\/#\/schema\/person\/d25929be0bfd8b1cc0e25cc62c7cad04","name":"Alvaro Varas Abril","image":{"@type":"ImageObject","inLanguage":"en-US","@id":"https:\/\/casaruralamaya.com\/wp-content\/uploads\/logo-casa-rural-hidalgo.png","url":"https:\/\/casaruralamaya.com\/wp-content\/uploads\/logo-casa-rural-hidalgo.png","contentUrl":"https:\/\/casaruralamaya.com\/wp-content\/uploads\/logo-casa-rural-hidalgo.png","width":835,"height":653,"caption":"Alvaro Varas Abril"},"logo":{"@id":"https:\/\/casaruralamaya.com\/wp-content\/uploads\/logo-casa-rural-hidalgo.png"}}]}},"_links":{"self":[{"href":"https:\/\/casaruralamaya.com\/en\/wp-json\/wp\/v2\/pages\/1872","targetHints":{"allow":["GET"]}}],"collection":[{"href":"https:\/\/casaruralamaya.com\/en\/wp-json\/wp\/v2\/pages"}],"about":[{"href":"https:\/\/casaruralamaya.com\/en\/wp-json\/wp\/v2\/types\/page"}],"author":[{"embeddable":true,"href":"https:\/\/casaruralamaya.com\/en\/wp-json\/wp\/v2\/users\/1"}],"replies":[{"embeddable":true,"href":"https:\/\/casaruralamaya.com\/en\/wp-json\/wp\/v2\/comments?post=1872"}],"version-history":[{"count":0,"href":"https:\/\/casaruralamaya.com\/en\/wp-json\/wp\/v2\/pages\/1872\/revisions"}],"wp:attachment":[{"href":"https:\/\/casaruralamaya.com\/en\/wp-json\/wp\/v2\/media?parent=1872"}],"curies":[{"name":"wp","href":"https:\/\/api.w.org\/{rel}","templated":true}]}}