{"id":1853,"date":"2017-08-28T17:52:57","date_gmt":"2017-08-28T17:52:57","guid":{"rendered":"https:\/\/casaruralamaya.com\/fabulantis\/"},"modified":"2025-02-05T09:42:29","modified_gmt":"2025-02-05T09:42:29","slug":"fabulantis","status":"publish","type":"page","link":"https:\/\/casaruralamaya.com\/en\/what-to-see-and-do-in-amaya\/fabulantis\/","title":{"rendered":"Fabulantis"},"content":{"rendered":"<p><a href=\"https:\/\/casaruralamaya.com\/wp-content\/uploads\/2017\/08\/escudofabulantis1_0.png\"><img decoding=\"async\" class=\"wp-image-418 alignleft\" src=\"https:\/\/casaruralamaya.com\/wp-content\/uploads\/2017\/08\/escudofabulantis1_0-300x200.png\" alt=\"\" width=\"146\" height=\"97\" srcset=\"https:\/\/casaruralamaya.com\/wp-content\/uploads\/2017\/08\/escudofabulantis1_0-300x200.png 300w, https:\/\/casaruralamaya.com\/wp-content\/uploads\/2017\/08\/escudofabulantis1_0-768x512.png 768w, https:\/\/casaruralamaya.com\/wp-content\/uploads\/2017\/08\/escudofabulantis1_0-1024x683.png 1024w, https:\/\/casaruralamaya.com\/wp-content\/uploads\/2017\/08\/escudofabulantis1_0.png 1418w\" sizes=\"(max-width: 146px) 100vw, 146px\" \/><\/a><\/p>\n<p style=\"text-align: center;\">Fabulantis is an interactive comic interpretation center.<\/p>\n<p style=\"text-align: center;\">In <strong>Villadiego<\/strong> lived and died the cartoonist <strong>\u00c1ngel Pardo<\/strong>, known mainly for being the author of about three thousand pages of the <strong>comic strips of El Capit\u00e1n Trueno<\/strong>. He was born in the town of Santo\u00f1a, in 1924, starting in the world of drawing in 1943. In 1959 he launched his first collaboration with El Capit\u00e1n Trueno. He spent his last years in Villadiego, his mother&#8217;s hometown, where he died in 1995.   <\/p>\n<p><a href=\"https:\/\/casaruralamaya.com\/wp-content\/uploads\/2017\/08\/7b9f53e7742c03deb23a48949c1aba9a.jpg\"><img fetchpriority=\"high\" decoding=\"async\" class=\"alignleft wp-image-420 size-medium\" src=\"https:\/\/casaruralamaya.com\/wp-content\/uploads\/2017\/08\/7b9f53e7742c03deb23a48949c1aba9a-300x200.jpg\" alt=\"\" width=\"300\" height=\"200\" srcset=\"https:\/\/casaruralamaya.com\/wp-content\/uploads\/2017\/08\/7b9f53e7742c03deb23a48949c1aba9a-300x200.jpg 300w, https:\/\/casaruralamaya.com\/wp-content\/uploads\/2017\/08\/7b9f53e7742c03deb23a48949c1aba9a-768x512.jpg 768w, https:\/\/casaruralamaya.com\/wp-content\/uploads\/2017\/08\/7b9f53e7742c03deb23a48949c1aba9a-1024x683.jpg 1024w, https:\/\/casaruralamaya.com\/wp-content\/uploads\/2017\/08\/7b9f53e7742c03deb23a48949c1aba9a.jpg 1555w\" sizes=\"(max-width: 300px) 100vw, 300px\" \/><\/a><\/p>\n<p style=\"text-align: left;\">The Comic Museum (Fabulantis Interpretation Center) <strong>is a place where children can give free rein to their imagination and create whatever they can think of through drawings and games<\/strong>. It is located in the building of the old slaughterhouse, at Calle del Puente Romano N\u00ba2, 09120 Villadiego (Burgos). In the following links you can obtain specific and updated information about the activities, schedules, rates, etc.  <\/p>\n<p style=\"text-align: center;\"><a href=\"http:\/\/centrosdeinterpretacion.cuatrovillas.es\/index.php\/es\/contenido\/fabulantis?sec=fabulantis\" target=\"_blank\" rel=\"noopener noreferrer\" data-wplink-edit=\"true\">Fabulantis Website<\/a><\/p>\n<p>Reservations are required at <span class=\"rojopeq\"><strong>947 36 16 49 &#8211; 659 49 15 37.<\/strong> <\/span> <\/p>\n<p><span class=\"rojopeq\">You can complete your visit to <strong>Villadiego<\/strong> with a guided tour of its <a href=\"https:\/\/sites.google.com\/a\/villadiego.es\/museo-municipal\/home\" target=\"_blank\" rel=\"noopener noreferrer\">ethnographic museums<\/a>, a stroll through the <strong>arcades<\/strong> of the Plaza Mayor and finish with the purchase of its exquisite <strong>artisan black pudding <\/strong>. Enjoy your meal.<\/span><\/p>\n\n<h3 class=\"has-text-align-center wp-block-heading\"><a href=\"https:\/\/www.google.com\/search?q=donde+comer+en+villadiego&amp;rlz=1C1AVNC_enES732ES733&amp;oq=donde+comer+en+villadiego&amp;aqs=chrome..69i57.8168j0j4&amp;sourceid=chrome&amp;ie=UTF-8\" target=\"_blank\" rel=\"noreferrer noopener\">Where to eat in Villadiego<\/a><\/h3>\n\n<p><\/p>\n","protected":false},"excerpt":{"rendered":"<p>Fabulantis is an interactive comic interpretation center. In Villadiego lived and died the cartoonist \u00c1ngel Pardo, known mainly for being the author of about three thousand pages of the comic strips of El Capit\u00e1n Trueno. He was born in the town of Santo\u00f1a, in 1924, starting in the world of drawing in 1943. In 1959 [&hellip;]<\/p>\n","protected":false},"author":1,"featured_media":2783,"parent":1884,"menu_order":0,"comment_status":"closed","ping_status":"closed","template":"","meta":{"footnotes":""},"class_list":["post-1853","page","type-page","status-publish","has-post-thumbnail","hentry"],"yoast_head":"<!-- This site is optimized with the Yoast SEO plugin v27.3 - https:\/\/yoast.com\/product\/yoast-seo-wordpress\/ -->\n<title>Fabulantis - Casa Rural El Hidalgo | Casa rural en Amaya (Burgos)<\/title>\n<meta name=\"description\" content=\"The visit to Fabulantis in Villadiego: an interactive comic center developed around Captain Thunder will fascinate the little ones.\" \/>\n<meta name=\"robots\" content=\"index, follow, max-snippet:-1, max-image-preview:large, max-video-preview:-1\" \/>\n<link rel=\"canonical\" href=\"https:\/\/casaruralamaya.com\/en\/what-to-see-and-do-in-amaya\/fabulantis\/\" \/>\n<meta property=\"og:locale\" content=\"en_US\" \/>\n<meta property=\"og:type\" content=\"article\" \/>\n<meta property=\"og:title\" content=\"Fabulantis - Casa Rural El Hidalgo | Casa rural en Amaya (Burgos)\" \/>\n<meta property=\"og:description\" content=\"The visit to Fabulantis in Villadiego: an interactive comic center developed around Captain Thunder will fascinate the little ones.\" \/>\n<meta property=\"og:url\" content=\"https:\/\/casaruralamaya.com\/en\/what-to-see-and-do-in-amaya\/fabulantis\/\" \/>\n<meta property=\"og:site_name\" content=\"Casa Rural El Hidalgo | Casa rural en Amaya (Burgos)\" \/>\n<meta property=\"article:modified_time\" content=\"2025-02-05T09:42:29+00:00\" \/>\n<meta property=\"og:image\" content=\"https:\/\/casaruralamaya.com\/wp-content\/uploads\/2017\/08\/escudofabulantis1_0.png\" \/>\n\t<meta property=\"og:image:width\" content=\"1418\" \/>\n\t<meta property=\"og:image:height\" content=\"946\" \/>\n\t<meta property=\"og:image:type\" content=\"image\/png\" \/>\n<meta name=\"twitter:card\" content=\"summary_large_image\" \/>\n<meta name=\"twitter:label1\" content=\"Est. reading time\" \/>\n\t<meta name=\"twitter:data1\" content=\"1 minute\" \/>\n<script type=\"application\/ld+json\" class=\"yoast-schema-graph\">{\"@context\":\"https:\\\/\\\/schema.org\",\"@graph\":[{\"@type\":\"WebPage\",\"@id\":\"https:\\\/\\\/casaruralamaya.com\\\/en\\\/what-to-see-and-do-in-amaya\\\/fabulantis\\\/\",\"url\":\"https:\\\/\\\/casaruralamaya.com\\\/en\\\/what-to-see-and-do-in-amaya\\\/fabulantis\\\/\",\"name\":\"Fabulantis - Casa Rural El Hidalgo | Casa rural en Amaya (Burgos)\",\"isPartOf\":{\"@id\":\"https:\\\/\\\/casaruralamaya.com\\\/en\\\/#website\"},\"primaryImageOfPage\":{\"@id\":\"https:\\\/\\\/casaruralamaya.com\\\/en\\\/what-to-see-and-do-in-amaya\\\/fabulantis\\\/#primaryimage\"},\"image\":{\"@id\":\"https:\\\/\\\/casaruralamaya.com\\\/en\\\/what-to-see-and-do-in-amaya\\\/fabulantis\\\/#primaryimage\"},\"thumbnailUrl\":\"https:\\\/\\\/casaruralamaya.com\\\/wp-content\\\/uploads\\\/fabulantis-centro-interpretacion-comic-villadiego.jpg\",\"datePublished\":\"2017-08-28T17:52:57+00:00\",\"dateModified\":\"2025-02-05T09:42:29+00:00\",\"description\":\"The visit to Fabulantis in Villadiego: an interactive comic center developed around Captain Thunder will fascinate the little ones.\",\"breadcrumb\":{\"@id\":\"https:\\\/\\\/casaruralamaya.com\\\/en\\\/what-to-see-and-do-in-amaya\\\/fabulantis\\\/#breadcrumb\"},\"inLanguage\":\"en-US\",\"potentialAction\":[{\"@type\":\"ReadAction\",\"target\":[\"https:\\\/\\\/casaruralamaya.com\\\/en\\\/what-to-see-and-do-in-amaya\\\/fabulantis\\\/\"]}]},{\"@type\":\"ImageObject\",\"inLanguage\":\"en-US\",\"@id\":\"https:\\\/\\\/casaruralamaya.com\\\/en\\\/what-to-see-and-do-in-amaya\\\/fabulantis\\\/#primaryimage\",\"url\":\"https:\\\/\\\/casaruralamaya.com\\\/wp-content\\\/uploads\\\/fabulantis-centro-interpretacion-comic-villadiego.jpg\",\"contentUrl\":\"https:\\\/\\\/casaruralamaya.com\\\/wp-content\\\/uploads\\\/fabulantis-centro-interpretacion-comic-villadiego.jpg\",\"width\":1555,\"height\":1037,\"caption\":\"Centro de interpretaci\u00f3n del c\u00f3mic Fabulantis en Villadiego Burgos\"},{\"@type\":\"BreadcrumbList\",\"@id\":\"https:\\\/\\\/casaruralamaya.com\\\/en\\\/what-to-see-and-do-in-amaya\\\/fabulantis\\\/#breadcrumb\",\"itemListElement\":[{\"@type\":\"ListItem\",\"position\":1,\"name\":\"Portada\",\"item\":\"https:\\\/\\\/casaruralamaya.com\\\/en\\\/home\\\/\"},{\"@type\":\"ListItem\",\"position\":2,\"name\":\"What to see and do in Amaya\",\"item\":\"https:\\\/\\\/casaruralamaya.com\\\/en\\\/what-to-see-and-do-in-amaya\\\/\"},{\"@type\":\"ListItem\",\"position\":3,\"name\":\"Fabulantis\"}]},{\"@type\":\"WebSite\",\"@id\":\"https:\\\/\\\/casaruralamaya.com\\\/en\\\/#website\",\"url\":\"https:\\\/\\\/casaruralamaya.com\\\/en\\\/\",\"name\":\"Casas Rurales en Amaya (Burgos)\",\"description\":\"Alojamiento rural completo en Amaya, Burgos, junto a Pe\u00f1a Amaya y el Geoparque Las Loras.\",\"publisher\":{\"@id\":\"https:\\\/\\\/casaruralamaya.com\\\/en\\\/#\\\/schema\\\/person\\\/d25929be0bfd8b1cc0e25cc62c7cad04\"},\"potentialAction\":[{\"@type\":\"SearchAction\",\"target\":{\"@type\":\"EntryPoint\",\"urlTemplate\":\"https:\\\/\\\/casaruralamaya.com\\\/en\\\/?s={search_term_string}\"},\"query-input\":{\"@type\":\"PropertyValueSpecification\",\"valueRequired\":true,\"valueName\":\"search_term_string\"}}],\"inLanguage\":\"en-US\"},{\"@type\":[\"Person\",\"Organization\"],\"@id\":\"https:\\\/\\\/casaruralamaya.com\\\/en\\\/#\\\/schema\\\/person\\\/d25929be0bfd8b1cc0e25cc62c7cad04\",\"name\":\"Alvaro Varas Abril\",\"image\":{\"@type\":\"ImageObject\",\"inLanguage\":\"en-US\",\"@id\":\"https:\\\/\\\/casaruralamaya.com\\\/wp-content\\\/uploads\\\/logo-casa-rural-hidalgo.png\",\"url\":\"https:\\\/\\\/casaruralamaya.com\\\/wp-content\\\/uploads\\\/logo-casa-rural-hidalgo.png\",\"contentUrl\":\"https:\\\/\\\/casaruralamaya.com\\\/wp-content\\\/uploads\\\/logo-casa-rural-hidalgo.png\",\"width\":835,\"height\":653,\"caption\":\"Alvaro Varas Abril\"},\"logo\":{\"@id\":\"https:\\\/\\\/casaruralamaya.com\\\/wp-content\\\/uploads\\\/logo-casa-rural-hidalgo.png\"}}]}<\/script>\n<!-- \/ Yoast SEO plugin. -->","yoast_head_json":{"title":"Fabulantis - Casa Rural El Hidalgo | Casa rural en Amaya (Burgos)","description":"The visit to Fabulantis in Villadiego: an interactive comic center developed around Captain Thunder will fascinate the little ones.","robots":{"index":"index","follow":"follow","max-snippet":"max-snippet:-1","max-image-preview":"max-image-preview:large","max-video-preview":"max-video-preview:-1"},"canonical":"https:\/\/casaruralamaya.com\/en\/what-to-see-and-do-in-amaya\/fabulantis\/","og_locale":"en_US","og_type":"article","og_title":"Fabulantis - Casa Rural El Hidalgo | Casa rural en Amaya (Burgos)","og_description":"The visit to Fabulantis in Villadiego: an interactive comic center developed around Captain Thunder will fascinate the little ones.","og_url":"https:\/\/casaruralamaya.com\/en\/what-to-see-and-do-in-amaya\/fabulantis\/","og_site_name":"Casa Rural El Hidalgo | Casa rural en Amaya (Burgos)","article_modified_time":"2025-02-05T09:42:29+00:00","og_image":[{"width":1418,"height":946,"url":"https:\/\/casaruralamaya.com\/wp-content\/uploads\/2017\/08\/escudofabulantis1_0.png","type":"image\/png"}],"twitter_card":"summary_large_image","twitter_misc":{"Est. reading time":"1 minute"},"schema":{"@context":"https:\/\/schema.org","@graph":[{"@type":"WebPage","@id":"https:\/\/casaruralamaya.com\/en\/what-to-see-and-do-in-amaya\/fabulantis\/","url":"https:\/\/casaruralamaya.com\/en\/what-to-see-and-do-in-amaya\/fabulantis\/","name":"Fabulantis - Casa Rural El Hidalgo | Casa rural en Amaya (Burgos)","isPartOf":{"@id":"https:\/\/casaruralamaya.com\/en\/#website"},"primaryImageOfPage":{"@id":"https:\/\/casaruralamaya.com\/en\/what-to-see-and-do-in-amaya\/fabulantis\/#primaryimage"},"image":{"@id":"https:\/\/casaruralamaya.com\/en\/what-to-see-and-do-in-amaya\/fabulantis\/#primaryimage"},"thumbnailUrl":"https:\/\/casaruralamaya.com\/wp-content\/uploads\/fabulantis-centro-interpretacion-comic-villadiego.jpg","datePublished":"2017-08-28T17:52:57+00:00","dateModified":"2025-02-05T09:42:29+00:00","description":"The visit to Fabulantis in Villadiego: an interactive comic center developed around Captain Thunder will fascinate the little ones.","breadcrumb":{"@id":"https:\/\/casaruralamaya.com\/en\/what-to-see-and-do-in-amaya\/fabulantis\/#breadcrumb"},"inLanguage":"en-US","potentialAction":[{"@type":"ReadAction","target":["https:\/\/casaruralamaya.com\/en\/what-to-see-and-do-in-amaya\/fabulantis\/"]}]},{"@type":"ImageObject","inLanguage":"en-US","@id":"https:\/\/casaruralamaya.com\/en\/what-to-see-and-do-in-amaya\/fabulantis\/#primaryimage","url":"https:\/\/casaruralamaya.com\/wp-content\/uploads\/fabulantis-centro-interpretacion-comic-villadiego.jpg","contentUrl":"https:\/\/casaruralamaya.com\/wp-content\/uploads\/fabulantis-centro-interpretacion-comic-villadiego.jpg","width":1555,"height":1037,"caption":"Centro de interpretaci\u00f3n del c\u00f3mic Fabulantis en Villadiego Burgos"},{"@type":"BreadcrumbList","@id":"https:\/\/casaruralamaya.com\/en\/what-to-see-and-do-in-amaya\/fabulantis\/#breadcrumb","itemListElement":[{"@type":"ListItem","position":1,"name":"Portada","item":"https:\/\/casaruralamaya.com\/en\/home\/"},{"@type":"ListItem","position":2,"name":"What to see and do in Amaya","item":"https:\/\/casaruralamaya.com\/en\/what-to-see-and-do-in-amaya\/"},{"@type":"ListItem","position":3,"name":"Fabulantis"}]},{"@type":"WebSite","@id":"https:\/\/casaruralamaya.com\/en\/#website","url":"https:\/\/casaruralamaya.com\/en\/","name":"Casas Rurales en Amaya (Burgos)","description":"Alojamiento rural completo en Amaya, Burgos, junto a Pe\u00f1a Amaya y el Geoparque Las Loras.","publisher":{"@id":"https:\/\/casaruralamaya.com\/en\/#\/schema\/person\/d25929be0bfd8b1cc0e25cc62c7cad04"},"potentialAction":[{"@type":"SearchAction","target":{"@type":"EntryPoint","urlTemplate":"https:\/\/casaruralamaya.com\/en\/?s={search_term_string}"},"query-input":{"@type":"PropertyValueSpecification","valueRequired":true,"valueName":"search_term_string"}}],"inLanguage":"en-US"},{"@type":["Person","Organization"],"@id":"https:\/\/casaruralamaya.com\/en\/#\/schema\/person\/d25929be0bfd8b1cc0e25cc62c7cad04","name":"Alvaro Varas Abril","image":{"@type":"ImageObject","inLanguage":"en-US","@id":"https:\/\/casaruralamaya.com\/wp-content\/uploads\/logo-casa-rural-hidalgo.png","url":"https:\/\/casaruralamaya.com\/wp-content\/uploads\/logo-casa-rural-hidalgo.png","contentUrl":"https:\/\/casaruralamaya.com\/wp-content\/uploads\/logo-casa-rural-hidalgo.png","width":835,"height":653,"caption":"Alvaro Varas Abril"},"logo":{"@id":"https:\/\/casaruralamaya.com\/wp-content\/uploads\/logo-casa-rural-hidalgo.png"}}]}},"_links":{"self":[{"href":"https:\/\/casaruralamaya.com\/en\/wp-json\/wp\/v2\/pages\/1853","targetHints":{"allow":["GET"]}}],"collection":[{"href":"https:\/\/casaruralamaya.com\/en\/wp-json\/wp\/v2\/pages"}],"about":[{"href":"https:\/\/casaruralamaya.com\/en\/wp-json\/wp\/v2\/types\/page"}],"author":[{"embeddable":true,"href":"https:\/\/casaruralamaya.com\/en\/wp-json\/wp\/v2\/users\/1"}],"replies":[{"embeddable":true,"href":"https:\/\/casaruralamaya.com\/en\/wp-json\/wp\/v2\/comments?post=1853"}],"version-history":[{"count":1,"href":"https:\/\/casaruralamaya.com\/en\/wp-json\/wp\/v2\/pages\/1853\/revisions"}],"predecessor-version":[{"id":1855,"href":"https:\/\/casaruralamaya.com\/en\/wp-json\/wp\/v2\/pages\/1853\/revisions\/1855"}],"up":[{"embeddable":true,"href":"https:\/\/casaruralamaya.com\/en\/wp-json\/wp\/v2\/pages\/1884"}],"wp:featuredmedia":[{"embeddable":true,"href":"https:\/\/casaruralamaya.com\/en\/wp-json\/wp\/v2\/media\/2783"}],"wp:attachment":[{"href":"https:\/\/casaruralamaya.com\/en\/wp-json\/wp\/v2\/media?parent=1853"}],"curies":[{"name":"wp","href":"https:\/\/api.w.org\/{rel}","templated":true}]}}